{"id":210,"date":"2019-10-28T16:02:22","date_gmt":"2019-10-28T16:02:22","guid":{"rendered":"https:\/\/vipservice.at\/?page_id=210"},"modified":"2020-05-22T15:42:17","modified_gmt":"2020-05-22T15:42:17","slug":"haftungsausschluss","status":"publish","type":"page","link":"https:\/\/vipservice.at\/es\/haftungsausschluss\/","title":{"rendered":"Descargo de responsabilidad"},"content":{"rendered":"<p><\/p>\n<h2>Responsabilidad por los contenidos<\/h2>\n<p>Como proveedores de servicios, somos responsables de los contenidos propios de estos sitios web. Sin embargo, los proveedores de servicios no est\u00e1n obligados a monitorear permanentemente la informaci\u00f3n enviada o almacenada ni a buscar evidencias que indiquen actividades ilegales.<\/p>\n<p>Las obligaciones legales de eliminar informaci\u00f3n o bloquear el uso de la informaci\u00f3n permanecen sin respuesta. En este caso, la responsabilidad solo es posible en el momento del conocimiento sobre una violaci\u00f3n espec\u00edfica de la ley. Los contenidos ilegales se eliminar\u00e1n inmediatamente en el momento en que tengamos conocimiento de ellos.<\/p>\n<h2>Responsabilidad por enlaces<\/h2>\n<p>Nuestra oferta incluye enlaces a sitios web externos de terceros. No tenemos influencia en el contenido de esos sitios web, por lo tanto, no podemos garantizar dichos contenidos. Los proveedores o administradores de sitios web vinculados son siempre responsables de sus propios contenidos.<\/p>\n<p>Los sitios web vinculados hab\u00edan sido verificados por posibles violaciones de la ley en el momento del establecimiento del enlace. No se detectaron contenidos ilegales en el momento de la vinculaci\u00f3n. No se puede imponer un monitoreo permanente de los contenidos de los sitios web vinculados sin indicaciones razonables de que ha habido una violaci\u00f3n de la ley. Los enlaces ilegales se eliminar\u00e1n inmediatamente cuando tengamos conocimiento de ellos.<\/p>\n<h2>Derechos de autor<\/h2>\n<p>Los contenidos y compilaciones publicados en estos sitios web por los proveedores est\u00e1n sujetos a las leyes de derechos de autor alemanas. La reproducci\u00f3n, edici\u00f3n, distribuci\u00f3n y el uso de cualquier tipo fuera del alcance de la ley de derechos de autor requieren un permiso por escrito del autor o autor. Las descargas y copias de estos sitios web est\u00e1n permitidas solo para uso privado.<br \/>\nEl uso comercial de nuestros contenidos sin el permiso del autor est\u00e1 prohibido.<\/p>\n<p>Se respetan las leyes de copyright de terceros siempre que el contenido de estos sitios web no se origine en el proveedor. Las contribuciones de terceros en este sitio se indican como tales. Sin embargo, si observa alguna violaci\u00f3n de la ley de derechos de autor, inf\u00f3rmenos. Dichos contenidos ser\u00e1n eliminados de inmediato.<\/p>","protected":false},"excerpt":{"rendered":"<p>Responsabilidad por los contenidos Como proveedores de servicios, somos responsables de los contenidos propios de estos sitios web. Sin embargo, los proveedores de servicios no est\u00e1n obligados a monitorear permanentemente la informaci\u00f3n enviada o almacenada ni a buscar evidencias que indiquen actividades ilegales. Las obligaciones legales de eliminar informaci\u00f3n o bloquear el uso de la [&hellip;]<\/p>\n","protected":false},"author":1,"featured_media":0,"parent":0,"menu_order":0,"comment_status":"closed","ping_status":"closed","template":"","meta":{"footnotes":""},"class_list":["post-210","page","type-page","status-publish","hentry"],"acf":[],"_links":{"self":[{"href":"https:\/\/vipservice.at\/es\/wp-json\/wp\/v2\/pages\/210","targetHints":{"allow":["GET"]}}],"collection":[{"href":"https:\/\/vipservice.at\/es\/wp-json\/wp\/v2\/pages"}],"about":[{"href":"https:\/\/vipservice.at\/es\/wp-json\/wp\/v2\/types\/page"}],"author":[{"embeddable":true,"href":"https:\/\/vipservice.at\/es\/wp-json\/wp\/v2\/users\/1"}],"replies":[{"embeddable":true,"href":"https:\/\/vipservice.at\/es\/wp-json\/wp\/v2\/comments?post=210"}],"version-history":[{"count":3,"href":"https:\/\/vipservice.at\/es\/wp-json\/wp\/v2\/pages\/210\/revisions"}],"predecessor-version":[{"id":1193,"href":"https:\/\/vipservice.at\/es\/wp-json\/wp\/v2\/pages\/210\/revisions\/1193"}],"wp:attachment":[{"href":"https:\/\/vipservice.at\/es\/wp-json\/wp\/v2\/media?parent=210"}],"curies":[{"name":"wp","href":"https:\/\/api.w.org\/{rel}","templated":true}]}}